{"id":10209,"date":"2022-10-10T09:39:25","date_gmt":"2022-10-10T09:39:25","guid":{"rendered":"https:\/\/xmy.ch\/shop\/acides-amines-bcaa-211\/"},"modified":"2026-03-06T18:30:39","modified_gmt":"2026-03-06T18:30:39","slug":"acides-amines-bcaa-211","status":"publish","type":"product","link":"https:\/\/keforma.ch\/fr\/prodotto\/acides-amines-bcaa-211\/","title":{"rendered":"Acides amin\u00e9s BCAA 2:1:1"},"content":{"rendered":"<div id=\"wd-600aef8476f41\" class=\"wd-text-block-wrapper wd-wpb wd-rs-600aef8476f41 color-scheme-dark text-left vc_custom_1611329428846\">\n<div class=\"woodmart-title-container woodmart-text-block reset-last-child font-primary wd-font-weight-400 \">\n<div id=\"wd-5fafbca251970\" class=\"wd-text-block-wrapper wd-wpb wd-rs-5fafbca251970 color-scheme-dark text-left vc_custom_1605352620193\">\n<div class=\"woodmart-title-container woodmart-text-block reset-last-child font-primary wd-font-weight-400 \">\n<div id=\"wd-5fad4a10ebb94\" class=\"wd-text-block-wrapper wd-wpb wd-rs-5fad4a10ebb94 color-scheme-dark text-left vc_custom_1605192243372\">\n<div class=\"woodmart-title-container woodmart-text-block reset-last-child font-primary wd-font-weight-400 \">\n<div id=\"wd-5fa95db83f412\" class=\"wd-text-block-wrapper wd-wpb wd-rs-5fa95db83f412 color-scheme-dark text-left vc_custom_1604935110999\">\n<div class=\"woodmart-title-container woodmart-text-block reset-last-child font-primary wd-font-weight-400 \">\n<div id=\"wd-5fa9abd093a59\" class=\"wd-text-block-wrapper wd-wpb wd-rs-5fa9abd093a59 color-scheme-dark text-left vc_custom_1604955145009\">\n<div class=\"woodmart-title-container woodmart-text-block reset-last-child font-primary wd-font-weight-400 \">Les <strong>acides amin\u00e9s BCAA 2:1:1<\/strong> sont des compl\u00e9ments sp\u00e9cifiques au sport, formul\u00e9s pour maximiser vos performances et votre r\u00e9cup\u00e9ration.<\/div>\n<div class=\"woodmart-title-container woodmart-text-block reset-last-child font-primary wd-font-weight-400 \">A base d&rsquo;acides amin\u00e9s branch\u00e9s dans le rapport optimal 2:1:1, ce compl\u00e9ment est enrichi en vitamine B6 pour am\u00e9liorer l&rsquo;assimilation et l&rsquo;efficacit\u00e9 des BCAA.<\/div>\n<div class=\"woodmart-title-container woodmart-text-block reset-last-child font-primary wd-font-weight-400 \">\n<p>Les <strong>acides amin\u00e9s BCAA 2:1:1<\/strong> sont particuli\u00e8rement utiles dans les sports de haute intensit\u00e9 et d&rsquo;endurance, car ils apportent un soutien essentiel pendant les exercices intenses. Chaque comprim\u00e9 contient 1 gramme d&rsquo;acides amin\u00e9s \u00e0 cha\u00eene ramifi\u00e9e de la plus haute qualit\u00e9, ce qui garantit un maximum de b\u00e9n\u00e9fices. <\/p>\n<\/div>\n<\/div>\n<\/div>\n<\/div>\n<\/div>\n<\/div>\n<\/div>\n<\/div>\n<\/div>\n<\/div>\n<div class=\"wpb_text_column wpb_content_element vc_custom_1616205360806 text-larger\">\n<div class=\"wpb_wrapper\">\n<p><img loading=\"lazy\" decoding=\"async\" class=\"wd-lazy-load woodmart-lazy-load wd-lazy-fade info-icon image-1 wd-loaded\" style=\"text-align: center;\" title=\"KF_Logo-Feature-Red\" src=\"https:\/\/keforma.ch\/wp-content\/uploads\/2020\/09\/KF_Logo-Feature-Red-45x45.png\" alt=\"KF_Logo-Feature-Red\" width=\"22\" height=\"22\" data-wood-src=\"https:\/\/keforma.ch\/wp-content\/uploads\/2020\/09\/KF_Logo-Feature-Red-45x45.png\" data-pagespeed-url-hash=\"3879490219\">  Reconstruction musculaire<span style=\"text-align: center;\"><br \/>\n<img loading=\"lazy\" decoding=\"async\" class=\"wd-lazy-load woodmart-lazy-load wd-lazy-fade info-icon image-1 wd-loaded\" style=\"text-align: center;\" title=\"KF_Logo-Feature-Red\" src=\"https:\/\/keforma.ch\/wp-content\/uploads\/2020\/09\/KF_Logo-Feature-Red-45x45.png\" alt=\"KF_Logo-Feature-Red\" width=\"22\" height=\"22\" data-wood-src=\"https:\/\/keforma.ch\/wp-content\/uploads\/2020\/09\/KF_Logo-Feature-Red-45x45.png\" data-pagespeed-url-hash=\"3879490219\">1<\/span><span style=\"text-align: center;\">g de <a href=\"https:\/\/it.wikipedia.org\/wiki\/Amminoacidi_ramificati\">BCAA<\/a> par comprim\u00e9<br \/>\n<\/span><span style=\"text-align: center;\"><img loading=\"lazy\" decoding=\"async\" class=\"wd-lazy-load woodmart-lazy-load wd-lazy-fade info-icon image-1 wd-loaded\" style=\"text-align: center;\" title=\"KF_Logo-Feature-Red\" src=\"https:\/\/keforma.ch\/wp-content\/uploads\/2020\/09\/KF_Logo-Feature-Red-45x45.png\" alt=\"KF_Logo-Feature-Red\" width=\"22\" height=\"22\" data-wood-src=\"https:\/\/keforma.ch\/wp-content\/uploads\/2020\/09\/KF_Logo-Feature-Red-45x45.png\" data-pagespeed-url-hash=\"3879490219\"> Optimisation du syst\u00e8me nerveux<br \/>\n<img loading=\"lazy\" decoding=\"async\" class=\"wd-lazy-load woodmart-lazy-load wd-lazy-fade info-icon image-1 wd-loaded\" style=\"text-align: center;\" title=\"KF_Logo-Feature-Red\" src=\"https:\/\/keforma.ch\/wp-content\/uploads\/2020\/09\/KF_Logo-Feature-Red-45x45.png\" alt=\"KF_Logo-Feature-Red\" width=\"22\" height=\"22\" data-wood-src=\"https:\/\/keforma.ch\/wp-content\/uploads\/2020\/09\/KF_Logo-Feature-Red-45x45.png\" data-pagespeed-url-hash=\"3879490219\"> Vegan et sans lactose ni gluten<br \/>\n<\/span><\/p>\n<\/div>\n<\/div>\n","protected":false},"excerpt":{"rendered":"<table class=\"bda-state-product\">\n<thead>\n<tr>\n<th class=\"bda-color\"><a href=\"\/categoria-prodotto\/prima\/\">Premi\u00e8re<\/a><\/th>\n<th class=\"bda-gray\"><a href=\"\/categoria-prodotto\/durante\/\">Pendant<\/a><\/th>\n<th class=\"bda-color\"><a href=\"\/categoria-prodotto\/dopo\/\">Apr\u00e8s<\/a><\/th>\n<\/tr>\n<\/thead>\n<\/table>\n<p>Nos <strong>acides amin\u00e9s BCAA 2:1:1<\/strong> avec vitamine B6 sont le compl\u00e9ment id\u00e9al pour les athl\u00e8tes, am\u00e9liorant l&rsquo;assimilation et l&rsquo;efficacit\u00e9 pour les performances de haute intensit\u00e9 et l&rsquo;endurance.<\/p>\n","protected":false},"featured_media":22003,"comment_status":"open","ping_status":"closed","template":"","meta":[],"product_brand":[],"product_cat":[743,528,526],"product_tag":[753,752,746,747,757,756,750,748,749,751],"class_list":{"0":"post-10209","1":"product","2":"type-product","3":"status-publish","4":"has-post-thumbnail","6":"product_cat-acides-amines","7":"product_cat-apres","8":"product_cat-premiere","9":"product_tag-athletisme","10":"product_tag-bien-etre","11":"product_tag-cyclisme","12":"product_tag-endurance-fr","13":"product_tag-fitness-fr","14":"product_tag-gymnase","15":"product_tag-la-course-a-pied","16":"product_tag-natation","17":"product_tag-puissance","18":"product_tag-triathlon-fr","20":"first","21":"instock","22":"taxable","23":"shipping-taxable","24":"purchasable","25":"product-type-variable"},"aioseo_notices":[],"_links":{"self":[{"href":"https:\/\/keforma.ch\/fr\/wp-json\/wp\/v2\/product\/10209","targetHints":{"allow":["GET"]}}],"collection":[{"href":"https:\/\/keforma.ch\/fr\/wp-json\/wp\/v2\/product"}],"about":[{"href":"https:\/\/keforma.ch\/fr\/wp-json\/wp\/v2\/types\/product"}],"replies":[{"embeddable":true,"href":"https:\/\/keforma.ch\/fr\/wp-json\/wp\/v2\/comments?post=10209"}],"version-history":[{"count":1,"href":"https:\/\/keforma.ch\/fr\/wp-json\/wp\/v2\/product\/10209\/revisions"}],"predecessor-version":[{"id":22007,"href":"https:\/\/keforma.ch\/fr\/wp-json\/wp\/v2\/product\/10209\/revisions\/22007"}],"wp:featuredmedia":[{"embeddable":true,"href":"https:\/\/keforma.ch\/fr\/wp-json\/wp\/v2\/media\/22003"}],"wp:attachment":[{"href":"https:\/\/keforma.ch\/fr\/wp-json\/wp\/v2\/media?parent=10209"}],"wp:term":[{"taxonomy":"product_brand","embeddable":true,"href":"https:\/\/keforma.ch\/fr\/wp-json\/wp\/v2\/product_brand?post=10209"},{"taxonomy":"product_cat","embeddable":true,"href":"https:\/\/keforma.ch\/fr\/wp-json\/wp\/v2\/product_cat?post=10209"},{"taxonomy":"product_tag","embeddable":true,"href":"https:\/\/keforma.ch\/fr\/wp-json\/wp\/v2\/product_tag?post=10209"}],"curies":[{"name":"wp","href":"https:\/\/api.w.org\/{rel}","templated":true}]}}