{"id":10190,"date":"2022-10-11T12:51:55","date_gmt":"2022-10-11T12:51:55","guid":{"rendered":"https:\/\/xmy.ch\/shop\/poudre-de-proteines-vegetales\/"},"modified":"2026-03-16T09:11:46","modified_gmt":"2026-03-16T09:11:46","slug":"poudre-de-proteines-vegetales-veg-protein-100","status":"publish","type":"product","link":"https:\/\/keforma.ch\/fr\/prodotto\/poudre-de-proteines-vegetales-veg-protein-100\/","title":{"rendered":"KeVEG Prot\u00e9ines en poudre"},"content":{"rendered":"<div id=\"wd-6057fb79eb014\" class=\"wd-text-block-wrapper wd-wpb wd-rs-6057fb79eb014 color-scheme-dark text-left vc_custom_1616378763982\">\n<div class=\"woodmart-title-container woodmart-text-block reset-last-child font-primary wd-font-weight-400 \">\n<div id=\"wd-600ab098bf93b\" class=\"wd-text-block-wrapper wd-wpb wd-rs-600ab098bf93b color-scheme-dark text-left vc_custom_1611313320399\">\n<div class=\"woodmart-title-container woodmart-text-block reset-last-child font-primary wd-font-weight-400 \">\n<div id=\"wd-600a79842bcfb\" class=\"wd-text-block-wrapper wd-wpb wd-rs-600a79842bcfb color-scheme-dark text-left vc_custom_1611299215720\">\n<div class=\"woodmart-title-container woodmart-text-block reset-last-child font-primary wd-font-weight-400 \"><strong>KeVEG PROTEIN<\/strong> est la <strong>prot\u00e9ine v\u00e9g\u00e9tale en poudre<\/strong> que vous recherchez pour compl\u00e9ter votre alimentation de mani\u00e8re saine et efficace.<\/div>\n<div class=\"woodmart-title-container woodmart-text-block reset-last-child font-primary wd-font-weight-400 \">Ce m\u00e9lange unique associe trois sources de prot\u00e9ines de haute qualit\u00e9 : le pois chiche, la citrouille et le pois. Gr\u00e2ce \u00e0 cette formulation unique, KeVEG PROTEIN offre un profil complet d&rsquo;acides amin\u00e9s comparable \u00e0 celui des concentr\u00e9s de prot\u00e9ines de lactos\u00e9rum classiques, apportant un soutien optimal \u00e0 la croissance et au maintien de la masse musculaire avec l&rsquo;ajout d&rsquo;un m\u00e9lange complet de vitamines. <\/div>\n<div class=\"woodmart-title-container woodmart-text-block reset-last-child font-primary wd-font-weight-400 \">Notre produit est \u00e9galement totalement exempt de lactose, de gluten et de sucre, ce qui le rend id\u00e9al pour les personnes souffrant d&rsquo;intol\u00e9rances ou suivant des r\u00e9gimes sp\u00e9cifiques.<\/div>\n<div class=\"woodmart-title-container woodmart-text-block reset-last-child font-primary wd-font-weight-400 \">\n<p>Et ce n&rsquo;est pas tout : la <strong>poudre de prot\u00e9ines<\/strong> KeVEG <strong>PROTEIN<\/strong> a \u00e9galement un go\u00fbt d\u00e9licieux, ce qui fait de chaque shake un plaisir.<\/p>\n<\/div>\n<\/div>\n<\/div>\n<\/div>\n<\/div>\n<\/div>\n<div class=\"wpb_text_column wpb_content_element vc_custom_1616378936846 text-larger\">\n<div class=\"wpb_wrapper\"><img loading=\"lazy\" decoding=\"async\" class=\"wd-lazy-load woodmart-lazy-load wd-lazy-fade info-icon image-1 wd-loaded\" style=\"text-align: center;\" title=\"KF_Logo-Feature-Red\" src=\"https:\/\/keforma.ch\/wp-content\/uploads\/2020\/09\/KF_Logo-Feature-Red-45x45.png\" alt=\"KF_Logo-Feature-Red\" width=\"22\" height=\"22\" data-wood-src=\"https:\/\/keforma.ch\/wp-content\/uploads\/2020\/09\/KF_Logo-Feature-Red-45x45.png\" data-pagespeed-url-hash=\"3879490219\">  3 sources de prot\u00e9ines<br \/>\n<img loading=\"lazy\" decoding=\"async\" class=\"wd-lazy-load woodmart-lazy-load wd-lazy-fade info-icon image-1 wd-loaded\" style=\"text-align: center;\" title=\"KF_Logo-Feature-Red\" src=\"https:\/\/keforma.ch\/wp-content\/uploads\/2020\/09\/KF_Logo-Feature-Red-45x45.png\" alt=\"KF_Logo-Feature-Red\" width=\"22\" height=\"22\" data-wood-src=\"https:\/\/keforma.ch\/wp-content\/uploads\/2020\/09\/KF_Logo-Feature-Red-45x45.png\" data-pagespeed-url-hash=\"3879490219\"><span style=\"text-align: center;\"> V\u00e9g\u00e9talien et v\u00e9g\u00e9talien<br \/>\n<\/span><img loading=\"lazy\" decoding=\"async\" class=\"wd-lazy-load woodmart-lazy-load wd-lazy-fade info-icon image-1 wd-loaded\" style=\"text-align: center;\" title=\"KF_Logo-Feature-Red\" src=\"https:\/\/keforma.ch\/wp-content\/uploads\/2020\/09\/KF_Logo-Feature-Red-45x45.png\" alt=\"KF_Logo-Feature-Red\" width=\"22\" height=\"22\" data-wood-src=\"https:\/\/keforma.ch\/wp-content\/uploads\/2020\/09\/KF_Logo-Feature-Red-45x45.png\" data-pagespeed-url-hash=\"3879490219\"><span style=\"text-align: center;\"> Profil complet d&rsquo;acides amin\u00e9s<br \/>\n<\/span><img loading=\"lazy\" decoding=\"async\" class=\"wd-lazy-load woodmart-lazy-load wd-lazy-fade info-icon image-1 wd-loaded\" style=\"text-align: center;\" title=\"KF_Logo-Feature-Red\" src=\"https:\/\/keforma.ch\/wp-content\/uploads\/2020\/09\/KF_Logo-Feature-Red-45x45.png\" alt=\"KF_Logo-Feature-Red\" width=\"22\" height=\"22\" data-wood-src=\"https:\/\/keforma.ch\/wp-content\/uploads\/2020\/09\/KF_Logo-Feature-Red-45x45.png\" data-pagespeed-url-hash=\"3879490219\"><span style=\"text-align: center;\"> Sans gluten ni lactose<\/span><\/div>\n<\/div>\n","protected":false},"excerpt":{"rendered":"<table class=\"bda-state-product\">\n<thead>\n<tr>\n<th class=\"bda-color\"><a href=\"\/categoria-prodotto\/prima\/\">Premi\u00e8re<\/a><\/th>\n<th class=\"bda-gray\"><a href=\"\/categoria-prodotto\/durante\/\">Pendant<\/a><\/th>\n<th class=\"bda-color\"><a href=\"\/categoria-prodotto\/dopo\/\">Apr\u00e8s<\/a><\/th>\n<\/tr>\n<\/thead>\n<\/table>\n<p><strong>KeVEG<\/strong> <strong>PROTEIN<\/strong> sont des <strong>poudres de prot\u00e9ines<\/strong> 100% <strong>v\u00e9g\u00e9tales<\/strong> issues de pois chiches, de citrouille et de pois, avec un profil complet d&rsquo;acides amin\u00e9s, sans sucre ni lactose\/gluten et un go\u00fbt d\u00e9licieux.<\/p>\n","protected":false},"featured_media":22024,"comment_status":"open","ping_status":"closed","template":"","meta":[],"product_brand":[],"product_cat":[528,526,739],"product_tag":[752,747,755,749],"class_list":{"0":"post-10190","1":"product","2":"type-product","3":"status-publish","4":"has-post-thumbnail","6":"product_cat-apres","7":"product_cat-premiere","8":"product_cat-proteines","9":"product_tag-bien-etre","10":"product_tag-endurance-fr","11":"product_tag-la-musculation","12":"product_tag-puissance","14":"first","15":"instock","16":"taxable","17":"shipping-taxable","18":"purchasable","19":"product-type-variable","20":"has-default-attributes"},"aioseo_notices":[],"_links":{"self":[{"href":"https:\/\/keforma.ch\/fr\/wp-json\/wp\/v2\/product\/10190","targetHints":{"allow":["GET"]}}],"collection":[{"href":"https:\/\/keforma.ch\/fr\/wp-json\/wp\/v2\/product"}],"about":[{"href":"https:\/\/keforma.ch\/fr\/wp-json\/wp\/v2\/types\/product"}],"replies":[{"embeddable":true,"href":"https:\/\/keforma.ch\/fr\/wp-json\/wp\/v2\/comments?post=10190"}],"version-history":[{"count":1,"href":"https:\/\/keforma.ch\/fr\/wp-json\/wp\/v2\/product\/10190\/revisions"}],"predecessor-version":[{"id":22028,"href":"https:\/\/keforma.ch\/fr\/wp-json\/wp\/v2\/product\/10190\/revisions\/22028"}],"wp:featuredmedia":[{"embeddable":true,"href":"https:\/\/keforma.ch\/fr\/wp-json\/wp\/v2\/media\/22024"}],"wp:attachment":[{"href":"https:\/\/keforma.ch\/fr\/wp-json\/wp\/v2\/media?parent=10190"}],"wp:term":[{"taxonomy":"product_brand","embeddable":true,"href":"https:\/\/keforma.ch\/fr\/wp-json\/wp\/v2\/product_brand?post=10190"},{"taxonomy":"product_cat","embeddable":true,"href":"https:\/\/keforma.ch\/fr\/wp-json\/wp\/v2\/product_cat?post=10190"},{"taxonomy":"product_tag","embeddable":true,"href":"https:\/\/keforma.ch\/fr\/wp-json\/wp\/v2\/product_tag?post=10190"}],"curies":[{"name":"wp","href":"https:\/\/api.w.org\/{rel}","templated":true}]}}