{"id":10176,"date":"2022-10-10T09:30:21","date_gmt":"2022-10-10T09:30:21","guid":{"rendered":"https:\/\/xmy.ch\/shop\/acides-amines-bcaa-411\/"},"modified":"2026-03-06T18:24:43","modified_gmt":"2026-03-06T18:24:43","slug":"acides-amines-bcaa-411","status":"publish","type":"product","link":"https:\/\/keforma.ch\/fr\/prodotto\/acides-amines-bcaa-411\/","title":{"rendered":"Acides amin\u00e9s BCAA 4:1:1"},"content":{"rendered":"<div id=\"wd-600aef8476f41\" class=\"wd-text-block-wrapper wd-wpb wd-rs-600aef8476f41 color-scheme-dark text-left vc_custom_1611329428846\">\n<div class=\"woodmart-title-container woodmart-text-block reset-last-child font-primary wd-font-weight-400 \">\n<div id=\"wd-5fafbca251970\" class=\"wd-text-block-wrapper wd-wpb wd-rs-5fafbca251970 color-scheme-dark text-left vc_custom_1605352620193\">\n<div class=\"woodmart-title-container woodmart-text-block reset-last-child font-primary wd-font-weight-400 \">\n<div id=\"wd-5fad4a10ebb94\" class=\"wd-text-block-wrapper wd-wpb wd-rs-5fad4a10ebb94 color-scheme-dark text-left vc_custom_1605192243372\">\n<div class=\"woodmart-title-container woodmart-text-block reset-last-child font-primary wd-font-weight-400 \">\n<div id=\"wd-5fa95db83f412\" class=\"wd-text-block-wrapper wd-wpb wd-rs-5fa95db83f412 color-scheme-dark text-left vc_custom_1604935110999\">\n<div class=\"woodmart-title-container woodmart-text-block reset-last-child font-primary wd-font-weight-400 \">Les acides amin\u00e9s <strong>BCAA 4:1:1<\/strong> offrent une formulation anabolique innovante d&rsquo;acides amin\u00e9s \u00e0 cha\u00eene ramifi\u00e9e (L-Leucine, L-Isoleucine, L-Valine) con\u00e7ue pour optimiser la croissance musculaire.<\/div>\n<div class=\"woodmart-title-container woodmart-text-block reset-last-child font-primary wd-font-weight-400 \">Dans ce rapport particulier, l&rsquo;effet anabolisant de la leucine est pleinement exploit\u00e9 et contribue de mani\u00e8re significative \u00e0 l&rsquo;augmentation de la masse musculaire. Pour cette raison, notre produit est fortement recommand\u00e9 pendant les p\u00e9riodes de prise de masse. Choisissez les <strong>acides amin\u00e9s BCAA 4:1:1<\/strong> pour soutenir au mieux vos objectifs de construction musculaire.  <\/div>\n<div><\/div>\n<div class=\"woodmart-title-container woodmart-text-block reset-last-child font-primary wd-font-weight-400 \"><img loading=\"lazy\" decoding=\"async\" class=\"wd-lazy-load woodmart-lazy-load wd-lazy-fade info-icon image-1 wd-loaded\" style=\"text-align: center;\" title=\"KF_Logo-Feature-Red\" src=\"https:\/\/keforma.ch\/wp-content\/uploads\/2020\/09\/KF_Logo-Feature-Red-45x45.png\" alt=\"KF_Logo-Feature-Red\" width=\"22\" height=\"22\" data-wood-src=\"https:\/\/keforma.ch\/wp-content\/uploads\/2020\/09\/KF_Logo-Feature-Red-45x45.png\" data-pagespeed-url-hash=\"3879490219\">  Croissance musculaire<br \/>\n<img loading=\"lazy\" decoding=\"async\" class=\"wd-lazy-load woodmart-lazy-load wd-lazy-fade info-icon image-1 wd-loaded\" style=\"text-align: center;\" title=\"KF_Logo-Feature-Red\" src=\"https:\/\/keforma.ch\/wp-content\/uploads\/2020\/09\/KF_Logo-Feature-Red-45x45.png\" alt=\"KF_Logo-Feature-Red\" width=\"22\" height=\"22\" data-wood-src=\"https:\/\/keforma.ch\/wp-content\/uploads\/2020\/09\/KF_Logo-Feature-Red-45x45.png\" data-pagespeed-url-hash=\"3879490219\"><span style=\"text-align: center;\"> Reconstruction musculaire<br \/>\n<\/span><img loading=\"lazy\" decoding=\"async\" class=\"wd-lazy-load woodmart-lazy-load wd-lazy-fade info-icon image-1 wd-loaded\" style=\"text-align: center;\" title=\"KF_Logo-Feature-Red\" src=\"https:\/\/keforma.ch\/wp-content\/uploads\/2020\/09\/KF_Logo-Feature-Red-45x45.png\" alt=\"KF_Logo-Feature-Red\" width=\"22\" height=\"22\" data-wood-src=\"https:\/\/keforma.ch\/wp-content\/uploads\/2020\/09\/KF_Logo-Feature-Red-45x45.png\" data-pagespeed-url-hash=\"3879490219\"><span style=\"text-align: center;\"> 100% v\u00e9g\u00e9tal<br \/>\n<\/span><img loading=\"lazy\" decoding=\"async\" class=\"wd-lazy-load woodmart-lazy-load wd-lazy-fade info-icon image-1 wd-loaded\" style=\"text-align: center;\" title=\"KF_Logo-Feature-Red\" src=\"https:\/\/keforma.ch\/wp-content\/uploads\/2020\/09\/KF_Logo-Feature-Red-45x45.png\" alt=\"KF_Logo-Feature-Red\" width=\"22\" height=\"22\" data-wood-src=\"https:\/\/keforma.ch\/wp-content\/uploads\/2020\/09\/KF_Logo-Feature-Red-45x45.png\" data-pagespeed-url-hash=\"3879490219\"><span style=\"text-align: center;\"> Sans lactose ni gluten<\/span><\/div>\n<\/div>\n<\/div>\n<\/div>\n<\/div>\n<\/div>\n<\/div>\n<\/div>\n","protected":false},"excerpt":{"rendered":"<table class=\"bda-state-product\">\n<thead>\n<tr>\n<th class=\"bda-color\"><a href=\"\/categoria-prodotto\/prima\/\">Premi\u00e8re<\/a><\/th>\n<th class=\"bda-gray\"><a href=\"\/categoria-prodotto\/durante\/\">Pendant<\/a><\/th>\n<th class=\"bda-color\"><a href=\"\/categoria-prodotto\/dopo\/\">Apr\u00e8s<\/a><\/th>\n<\/tr>\n<\/thead>\n<\/table>\n<p>Nos <strong>acides amin\u00e9s BCAA 4:1:1<\/strong> sont le compl\u00e9ment id\u00e9al pour la croissance musculaire, exploitant l&rsquo;effet anabolisant de la leucine pour des p\u00e9riodes de prise de masse.<\/p>\n","protected":false},"featured_media":21997,"comment_status":"open","ping_status":"closed","template":"","meta":[],"product_brand":[],"product_cat":[743,528,526],"product_tag":[753,752,746,747,757,745,756,750,755,748,749,754,751],"class_list":{"0":"post-10176","1":"product","2":"type-product","3":"status-publish","4":"has-post-thumbnail","6":"product_cat-acides-amines","7":"product_cat-apres","8":"product_cat-premiere","9":"product_tag-athletisme","10":"product_tag-bien-etre","11":"product_tag-cyclisme","12":"product_tag-endurance-fr","13":"product_tag-fitness-fr","14":"product_tag-football","15":"product_tag-gymnase","16":"product_tag-la-course-a-pied","17":"product_tag-la-musculation","18":"product_tag-natation","19":"product_tag-puissance","20":"product_tag-ski","21":"product_tag-triathlon-fr","23":"first","24":"instock","25":"taxable","26":"shipping-taxable","27":"purchasable","28":"product-type-variable","29":"has-default-attributes"},"aioseo_notices":[],"_links":{"self":[{"href":"https:\/\/keforma.ch\/fr\/wp-json\/wp\/v2\/product\/10176","targetHints":{"allow":["GET"]}}],"collection":[{"href":"https:\/\/keforma.ch\/fr\/wp-json\/wp\/v2\/product"}],"about":[{"href":"https:\/\/keforma.ch\/fr\/wp-json\/wp\/v2\/types\/product"}],"replies":[{"embeddable":true,"href":"https:\/\/keforma.ch\/fr\/wp-json\/wp\/v2\/comments?post=10176"}],"version-history":[{"count":1,"href":"https:\/\/keforma.ch\/fr\/wp-json\/wp\/v2\/product\/10176\/revisions"}],"predecessor-version":[{"id":22001,"href":"https:\/\/keforma.ch\/fr\/wp-json\/wp\/v2\/product\/10176\/revisions\/22001"}],"wp:featuredmedia":[{"embeddable":true,"href":"https:\/\/keforma.ch\/fr\/wp-json\/wp\/v2\/media\/21997"}],"wp:attachment":[{"href":"https:\/\/keforma.ch\/fr\/wp-json\/wp\/v2\/media?parent=10176"}],"wp:term":[{"taxonomy":"product_brand","embeddable":true,"href":"https:\/\/keforma.ch\/fr\/wp-json\/wp\/v2\/product_brand?post=10176"},{"taxonomy":"product_cat","embeddable":true,"href":"https:\/\/keforma.ch\/fr\/wp-json\/wp\/v2\/product_cat?post=10176"},{"taxonomy":"product_tag","embeddable":true,"href":"https:\/\/keforma.ch\/fr\/wp-json\/wp\/v2\/product_tag?post=10176"}],"curies":[{"name":"wp","href":"https:\/\/api.w.org\/{rel}","templated":true}]}}