{"id":19292,"date":"2024-11-12T22:56:30","date_gmt":"2024-11-12T22:56:30","guid":{"rendered":"https:\/\/keforma.ch\/politique-de-confidentialite\/"},"modified":"2025-03-05T20:10:08","modified_gmt":"2025-03-05T20:10:08","slug":"politique-de-confidentialite","status":"publish","type":"page","link":"https:\/\/keforma.ch\/fr\/politique-de-confidentialite\/","title":{"rendered":"Politique de confidentialit\u00e9"},"content":{"rendered":"\n<h2 class=\"wp-block-heading\">Politique de confidentialit\u00e9 de Keforma.ch - xmy Sagl<\/h2>\n\n<p>Cette politique de confidentialit\u00e9 d\u00e9crit comment vos donn\u00e9es personnelles sont collect\u00e9es, utilis\u00e9es et divulgu\u00e9es lorsque vous visitez ou effectuez un achat sur keforma.ch (le \u00ab\u00a0Site\u00a0\u00bb).<\/p>\n\n<h3 class=\"wp-block-heading\">Collecte de donn\u00e9es personnelles<\/h3>\n\n<p>Lorsque vous visitez le site, nous collectons automatiquement certaines informations \u00e0 partir de votre appareil, notamment les donn\u00e9es du navigateur, l&rsquo;adresse IP, le fuseau horaire et les donn\u00e9es de certains cookies install\u00e9s sur votre appareil. En outre, lorsque vous naviguez sur le site, nous recueillons des informations sp\u00e9cifiques sur les pages web et les produits que vous consultez, les sites web ou les termes de recherche qui vous ont dirig\u00e9 vers le site, et la mani\u00e8re dont vous interagissez avec le site. Ces informations collect\u00e9es automatiquement sont appel\u00e9es \u00ab\u00a0informations sur l&rsquo;appareil\u00a0\u00bb.  <\/p>\n\n<h3 class=\"wp-block-heading\">Nous recueillons des informations sur l&rsquo;appareil \u00e0 l&rsquo;aide des technologies suivantes :<\/h3>\n\n<p>  - Les \u00ab\u00a0cookies\u00a0\u00bb sont des fichiers de donn\u00e9es qui sont plac\u00e9s sur votre appareil ou votre ordinateur et qui comprennent souvent un code d&rsquo;identification unique et anonyme. Pour plus d&rsquo;informations sur les cookies et sur la mani\u00e8re de les d\u00e9sactiver, consultez le site http:\/\/www.allaboutcookies.org. <\/p>\n\n<p>  - Les \u00ab\u00a0fichiers journaux\u00a0\u00bb gardent la trace des actions effectu\u00e9es sur le site et recueillent des donn\u00e9es telles que l&rsquo;adresse IP, le type de navigateur, le fournisseur d&rsquo;acc\u00e8s \u00e0 Internet, les pages de renvoi et de sortie, ainsi que les horodatages.<\/p>\n\n<p>  - Les \u00ab\u00a0balises web\u00a0\u00bb, \u00ab\u00a0tags\u00a0\u00bb et \u00ab\u00a0pixels\u00a0\u00bb sont des fichiers \u00e9lectroniques utilis\u00e9s pour enregistrer des donn\u00e9es sur la fa\u00e7on dont vous naviguez sur le site.<\/p>\n\n<p>En outre, lorsque vous effectuez ou tentez d&rsquo;effectuer un achat sur le site, nous recueillons certaines informations vous concernant, notamment vos nom et pr\u00e9nom, votre adresse de facturation, votre adresse de livraison, vos informations de paiement (y compris les num\u00e9ros de carte de cr\u00e9dit (ce service est g\u00e9r\u00e9 par la soci\u00e9t\u00e9 plug in Worldline&rsquo;s Saferpay), votre adresse \u00e9lectronique et votre num\u00e9ro de t\u00e9l\u00e9phone. Nous appelons ces donn\u00e9es \u00ab\u00a0informations relatives \u00e0 la commande\u00a0\u00bb. <\/p>\n\n<p>Lorsque nous parlons de \u00ab\u00a0donn\u00e9es personnelles\u00a0\u00bb dans la pr\u00e9sente politique de confidentialit\u00e9, nous nous r\u00e9f\u00e9rons \u00e0 la fois aux informations relatives \u00e0 l&rsquo;appareil et aux informations relatives \u00e0 la commande.<\/p>\n\n<p>.<\/p>\n\n<h3 class=\"wp-block-heading\">Comment utilisons-nous vos donn\u00e9es personnelles ?<\/h3>\n\n<p>Nous utilisons g\u00e9n\u00e9ralement les informations relatives aux commandes pour traiter les commandes pass\u00e9es sur le site (ce qui inclut le traitement des d\u00e9tails du paiement, l&rsquo;organisation de l&rsquo;exp\u00e9dition et l&rsquo;envoi des factures et\/ou des confirmations de commande). Nous utilisons \u00e9galement les informations relatives aux commandes pour : <\/p>\n\n<p>Communiquer avec vous ;<\/p>\n\n<p>v\u00e9rifier les commandes pour d\u00e9celer d&rsquo;\u00e9ventuels risques ou fraudes ; vous fournir des informations ou de la publicit\u00e9 sur nos produits ou services, si cela correspond aux pr\u00e9f\u00e9rences que vous nous avez exprim\u00e9es.<\/p>\n\n<p>Nous utilisons les informations collect\u00e9es sur l&rsquo;appareil (en particulier votre adresse IP) pour v\u00e9rifier les risques potentiels ou la fraude et, plus g\u00e9n\u00e9ralement, pour am\u00e9liorer et optimiser notre site (par exemple, en g\u00e9n\u00e9rant des donn\u00e9es analytiques sur la fa\u00e7on dont nos clients naviguent et interagissent avec le site, et pour \u00e9valuer le succ\u00e8s de nos campagnes de publicit\u00e9 et de marketing).<\/p>\n\n<h3 class=\"wp-block-heading\">Divulgation de vos donn\u00e9es personnelles<\/h3>\n\n<p>Nous partageons vos donn\u00e9es personnelles avec des soci\u00e9t\u00e9s tierces qui nous aident \u00e0 r\u00e9aliser les activit\u00e9s d\u00e9crites ci-dessus. Par exemple, nous utilisons Woocommerce pour la technologie de notre boutique en ligne. Vous trouverez plus d&rsquo;informations sur la fa\u00e7on dont Woocommerce utilise vos donn\u00e9es personnelles ici <a href=\"https:\/\/https\/\/woocommerce.com\/\">:<\/a> https:\/\/https:\/\/woocommerce.com\/<br\/>Nous utilisons \u00e9galement Google Analytics pour analyser la fa\u00e7on dont les clients utilisent le site. Vous trouverez plus d&rsquo;informations sur la fa\u00e7on dont Google utilise vos donn\u00e9es personnelles ici <a href=\"https:\/\/www.google.com\/intl\/it\/policies\/privacy\/\" target=\"_blank\" rel=\"noreferrer noopener\">: https:\/\/www.google.com\/intl\/it\/policies\/privacy\/.<\/a> <br\/>Vous pouvez d\u00e9sactiver Google Analytics ici <a href=\"https:\/\/tools.google.com\/dlpage\/gaoptout\" target=\"_blank\" rel=\"noreferrer noopener\">: https:\/\/tools.google.com\/dlpage\/gaoptout.<\/a>   <\/p>\n\n<p>Enfin, nous pouvons \u00e9galement divulguer vos donn\u00e9es personnelles \u00e0 des tiers pour nous conformer aux lois et r\u00e9glementations applicables, r\u00e9pondre \u00e0 des citations \u00e0 compara\u00eetre, \u00e0 des mandats de perquisition ou \u00e0 d&rsquo;autres demandes l\u00e9gales de donn\u00e9es re\u00e7ues, ou pour prot\u00e9ger nos droits de toute autre mani\u00e8re.<\/p>\n\n<h3 class=\"wp-block-heading\">Publicit\u00e9<\/h3>\n\n<p>Comme d\u00e9crit ci-dessus, nous utilisons vos donn\u00e9es personnelles pour vous fournir de la publicit\u00e9 cibl\u00e9e ou des communications marketing que nous pensons susceptibles de vous int\u00e9resser. Pour plus d&rsquo;informations sur le fonctionnement de la publicit\u00e9 cibl\u00e9e, veuillez consulter la page \u00e9ducative de la Network Advertising Initiative (\u00ab\u00a0NAI\u00a0\u00bb) \u00e0 l&rsquo;adresse <a href=\"http:\/\/www.networkadvertising.org\/understanding-online-advertising\/how-does-it-work.\" target=\"_blank\" rel=\"noreferrer noopener\">http:\/\/www.networkadvertising.org\/understanding-online-advertising\/how-does-it-work.<\/a> <\/p>\n\n<p>Vous pouvez d\u00e9sactiver la publicit\u00e9 cibl\u00e9e \u00e0 partir d&rsquo;ici :<\/p>\n\n<p>  LES LIENS :<\/p>\n\n<p>  FACEBOOK - <a href=\"https:\/\/www.facebook.com\/settings\/?tab=ads\" target=\"_blank\" rel=\"noreferrer noopener\">https:\/\/www.facebook.com\/settings\/?tab=ads<\/a><\/p>\n\n<p>  GOOGLE - <a href=\"https:\/\/www.google.com\/settings\/ads\/anonymous\" target=\"_blank\" rel=\"noreferrer noopener\">https:\/\/www.google.com\/settings\/ads\/anonymous<\/a><\/p>\n\n<p>  BING <a href=\"https:\/\/about.ads.microsoft.com\/it-it\/risorse\/informative\/annunci-personalizzati\" target=\"_blank\" rel=\"noreferrer noopener\">- https:\/\/about.ads.microsoft.com\/it-it\/risorse\/informative\/annunci-personalizzati<\/a><\/p>\n\n<p>En outre, vous pouvez refuser explicitement certains de ces services en visitant le portail de retrait de la publicit\u00e9 num\u00e9rique de la Digital Advertising Alliance <a href=\"http:\/\/optout.aboutads.info\/\" target=\"_blank\" rel=\"noreferrer noopener\">: http:\/\/optout.aboutads.info\/<\/a>.<\/p>\n\n<h2 class=\"wp-block-heading\">Ne pas suivre<\/h2>\n\n<p>Veuillez noter que nous ne modifions pas les pratiques de collecte et d&rsquo;utilisation des donn\u00e9es de notre site en pr\u00e9sence du signal \u00ab\u00a0Do Not Track\u00a0\u00bb de votre navigateur.<\/p>\n\n<h2 class=\"wp-block-heading\">Vos droits<\/h2>\n\n<p>Si vous r\u00e9sidez en Europe, vous avez le droit d&rsquo;acc\u00e9der aux donn\u00e9es personnelles que nous d\u00e9tenons \u00e0 votre sujet et de demander qu&rsquo;elles soient mises \u00e0 jour, corrig\u00e9es ou supprim\u00e9es. Si vous souhaitez exercer ce droit, veuillez nous contacter en utilisant les coordonn\u00e9es ci-dessous. <\/p>\n\n<p>En outre, si vous \u00eates situ\u00e9 en Europe, veuillez noter que nous traitons \u00e9galement vos donn\u00e9es afin de remplir toute obligation contractuelle \u00e0 votre \u00e9gard (par exemple, en relation avec les commandes que vous passez par l&rsquo;interm\u00e9diaire du site) ou afin de poursuivre nos int\u00e9r\u00eats commerciaux l\u00e9gitimes tels que d\u00e9crits ci-dessus. En outre, veuillez noter que vos donn\u00e9es seront transf\u00e9r\u00e9es vers des pays situ\u00e9s en dehors de l&rsquo;Europe, y compris le Canada et les \u00c9tats-Unis. <\/p>\n\n<h2 class=\"wp-block-heading\">Conservation des donn\u00e9es<\/h2>\n\n<p>Lorsque vous passez des commandes par l&rsquo;interm\u00e9diaire du site, nous conservons les informations relatives \u00e0 la commande dans nos dossiers, sauf si vous nous demandez de les supprimer.<\/p>\n\n<h2 class=\"wp-block-heading\">Modifications<\/h2>\n\n<p>Nous pouvons mettre \u00e0 jour la pr\u00e9sente politique de confidentialit\u00e9 de temps \u00e0 autre, par exemple pour refl\u00e9ter les changements apport\u00e9s \u00e0 nos proc\u00e9dures ou pour d&rsquo;autres raisons op\u00e9rationnelles, juridiques ou r\u00e9glementaires.<\/p>\n\n<h2 class=\"wp-block-heading\">Contactez nous<\/h2>\n\n<p>Pour plus d&rsquo;informations sur nos proc\u00e9dures en mati\u00e8re de protection de la vie priv\u00e9e, si vous avez des questions ou si vous souhaitez d\u00e9poser une plainte, veuillez nous envoyer un e-mail \u00e0 info \u00ab\u00a0at \u00ab\u00a0keforma.ch ou nous contacter par courrier aux adresses suivantes :<\/p>\n\n<p>Administration :<br\/>xmy Sagl<br\/>Via Tamporiva 5<br\/>6533 Lumino - Suisse<\/p>\n","protected":false},"excerpt":{"rendered":"<p>Politique de confidentialit\u00e9 de Keforma.ch - xmy Sagl Cette politique de confidentialit\u00e9 d\u00e9crit comment vos donn\u00e9es personnelles sont collect\u00e9es, utilis\u00e9es<\/p>\n","protected":false},"author":1,"featured_media":0,"parent":0,"menu_order":0,"comment_status":"closed","ping_status":"open","template":"","meta":{"footnotes":""},"class_list":["post-19292","page","type-page","status-publish","hentry"],"aioseo_notices":[],"_links":{"self":[{"href":"https:\/\/keforma.ch\/fr\/wp-json\/wp\/v2\/pages\/19292","targetHints":{"allow":["GET"]}}],"collection":[{"href":"https:\/\/keforma.ch\/fr\/wp-json\/wp\/v2\/pages"}],"about":[{"href":"https:\/\/keforma.ch\/fr\/wp-json\/wp\/v2\/types\/page"}],"author":[{"embeddable":true,"href":"https:\/\/keforma.ch\/fr\/wp-json\/wp\/v2\/users\/1"}],"replies":[{"embeddable":true,"href":"https:\/\/keforma.ch\/fr\/wp-json\/wp\/v2\/comments?post=19292"}],"version-history":[{"count":0,"href":"https:\/\/keforma.ch\/fr\/wp-json\/wp\/v2\/pages\/19292\/revisions"}],"wp:attachment":[{"href":"https:\/\/keforma.ch\/fr\/wp-json\/wp\/v2\/media?parent=19292"}],"curies":[{"name":"wp","href":"https:\/\/api.w.org\/{rel}","templated":true}]}}