{"id":18063,"date":"2024-03-14T21:39:32","date_gmt":"2024-03-14T21:39:32","guid":{"rendered":"https:\/\/keforma.ch\/?post_type=product&#038;p=18063"},"modified":"2026-03-16T17:34:53","modified_gmt":"2026-03-16T17:34:53","slug":"proteinriegel-pro-30-copia","status":"publish","type":"product","link":"https:\/\/keforma.ch\/de\/prodotto\/proteinriegel-pro-30-copia\/","title":{"rendered":"KECOLLAGEN Protein-Riegel"},"content":{"rendered":"<p data-sourcepos=\"23:1-23:300\"><strong>KE COLLAGEN<\/strong> BAR ist ein knuspriger Proteinriegel, angereichert mit 2,5 g Rinderkollagen, mit einem niedrigen<br \/>\nZuckergehalt (&lt;5%) und einem hohen Proteingehalt (35%).<br \/>\nKE COLLAGEN BAR ist <strong>reich an Proteinen (35%)<\/strong> und <strong>arm an Zucker (&lt;5%)<\/strong>, ideal als ausgewogener Snack, vor oder nach dem Training oder zu jeder Tageszeit, wenn Sie eine hochwertige Proteinversorgung w\u00fcnschen.<\/p>\n<p data-sourcepos=\"25:1-25:551\"><img loading=\"lazy\" decoding=\"async\" class=\"wd-lazy-load woodmart-lazy-load wd-lazy-fade info-icon image-1 wd-loaded\" title=\"KF_Logo-Feature-Rot\" src=\"https:\/\/keforma.ch\/wp-content\/uploads\/2020\/09\/KF_Logo-Feature-Red-45x45.png\" alt=\"KF_Logo-Feature-Rot\" width=\"22\" height=\"22\" data-wood-src=\"https:\/\/keforma.ch\/wp-content\/uploads\/2020\/09\/KF_Logo-Feature-Red-45x45.png\" data-pagespeed-url-hash=\"3879490219\">35% Hochwertiges Eiwei\u00df<\/p>\n<p data-sourcepos=\"25:1-25:551\"><img loading=\"lazy\" decoding=\"async\" class=\"wd-lazy-load woodmart-lazy-load wd-lazy-fade info-icon image-1 wd-loaded\" title=\"KF_Logo-Feature-Rot\" src=\"https:\/\/keforma.ch\/wp-content\/uploads\/2020\/09\/KF_Logo-Feature-Red-45x45.png\" alt=\"KF_Logo-Feature-Rot\" width=\"22\" height=\"22\" data-wood-src=\"https:\/\/keforma.ch\/wp-content\/uploads\/2020\/09\/KF_Logo-Feature-Red-45x45.png\" data-pagespeed-url-hash=\"3879490219\">2,5 g Kollagen<\/p>\n<p data-sourcepos=\"25:1-25:551\"><img loading=\"lazy\" decoding=\"async\" class=\"wd-lazy-load woodmart-lazy-load wd-lazy-fade info-icon image-1 wd-loaded\" title=\"KF_Logo-Feature-Rot\" src=\"https:\/\/keforma.ch\/wp-content\/uploads\/2020\/09\/KF_Logo-Feature-Red-45x45.png\" alt=\"KF_Logo-Feature-Rot\" width=\"22\" height=\"22\" data-wood-src=\"https:\/\/keforma.ch\/wp-content\/uploads\/2020\/09\/KF_Logo-Feature-Red-45x45.png\" data-pagespeed-url-hash=\"3879490219\">Gluten- und GMO-frei<\/p>\n<p data-sourcepos=\"25:1-25:551\"><img loading=\"lazy\" decoding=\"async\" class=\"wd-lazy-load woodmart-lazy-load wd-lazy-fade info-icon image-1 wd-loaded\" title=\"KF_Logo-Feature-Rot\" src=\"https:\/\/keforma.ch\/wp-content\/uploads\/2020\/09\/KF_Logo-Feature-Red-45x45.png\" alt=\"KF_Logo-Feature-Rot\" width=\"22\" height=\"22\" data-wood-src=\"https:\/\/keforma.ch\/wp-content\/uploads\/2020\/09\/KF_Logo-Feature-Red-45x45.png\" data-pagespeed-url-hash=\"3879490219\">Keine geh\u00e4rteten Fette<\/p>\n","protected":false},"excerpt":{"rendered":"<table class=\"bda-state-product\">\n<thead>\n<tr>\n<th class=\"bda-color\"><a href=\"\/categoria-prodotto\/prima\/\">Erste<\/a><\/th>\n<th class=\"bda-gray\"><a href=\"\/categoria-prodotto\/durante\/\">W\u00e4hrend<\/a><\/th>\n<th class=\"bda-color\"><a href=\"\/categoria-prodotto\/dopo\/\">Nach<\/a><\/th>\n<\/tr>\n<\/thead>\n<\/table>\n<p>KE TWIN ist der ideale <strong>mehrschichtige Proteinriegel<\/strong> f\u00fcr Sportler: 30% Protein, glutenfrei, GMO-frei und ein unwiderstehlicher Geschmack f\u00fcr muskul\u00e4res Wohlbefinden.<\/p>\n","protected":false},"featured_media":22039,"comment_status":"open","ping_status":"closed","template":"","meta":[],"product_brand":[],"product_cat":[641,525,527],"product_tag":[649,657,659,658,652,648,650,651,653,654],"class_list":{"0":"post-18063","1":"product","2":"type-product","3":"status-publish","4":"has-post-thumbnail","6":"product_cat-eiweis","7":"product_cat-erste","8":"product_cat-nach","9":"product_tag-ausdauer","10":"product_tag-body-building-de","11":"product_tag-fitness-de","12":"product_tag-gymnasium","13":"product_tag-laufen","14":"product_tag-radfahren","15":"product_tag-schwimmen","16":"product_tag-strom","17":"product_tag-triathlon-de","18":"product_tag-wellness-de","20":"first","21":"instock","22":"taxable","23":"shipping-taxable","24":"purchasable","25":"product-type-variable"},"aioseo_notices":[],"_links":{"self":[{"href":"https:\/\/keforma.ch\/de\/wp-json\/wp\/v2\/product\/18063","targetHints":{"allow":["GET"]}}],"collection":[{"href":"https:\/\/keforma.ch\/de\/wp-json\/wp\/v2\/product"}],"about":[{"href":"https:\/\/keforma.ch\/de\/wp-json\/wp\/v2\/types\/product"}],"replies":[{"embeddable":true,"href":"https:\/\/keforma.ch\/de\/wp-json\/wp\/v2\/comments?post=18063"}],"version-history":[{"count":1,"href":"https:\/\/keforma.ch\/de\/wp-json\/wp\/v2\/product\/18063\/revisions"}],"predecessor-version":[{"id":22041,"href":"https:\/\/keforma.ch\/de\/wp-json\/wp\/v2\/product\/18063\/revisions\/22041"}],"wp:featuredmedia":[{"embeddable":true,"href":"https:\/\/keforma.ch\/de\/wp-json\/wp\/v2\/media\/22039"}],"wp:attachment":[{"href":"https:\/\/keforma.ch\/de\/wp-json\/wp\/v2\/media?parent=18063"}],"wp:term":[{"taxonomy":"product_brand","embeddable":true,"href":"https:\/\/keforma.ch\/de\/wp-json\/wp\/v2\/product_brand?post=18063"},{"taxonomy":"product_cat","embeddable":true,"href":"https:\/\/keforma.ch\/de\/wp-json\/wp\/v2\/product_cat?post=18063"},{"taxonomy":"product_tag","embeddable":true,"href":"https:\/\/keforma.ch\/de\/wp-json\/wp\/v2\/product_tag?post=18063"}],"curies":[{"name":"wp","href":"https:\/\/api.w.org\/{rel}","templated":true}]}}