{"id":10193,"date":"2022-10-10T09:39:25","date_gmt":"2022-10-10T09:39:25","guid":{"rendered":"https:\/\/xmy.ch\/shop\/bcaa-211-aminosaeuren\/"},"modified":"2026-03-06T18:30:36","modified_gmt":"2026-03-06T18:30:36","slug":"aminosauren-bcaa-211","status":"publish","type":"product","link":"https:\/\/keforma.ch\/de\/prodotto\/aminosauren-bcaa-211\/","title":{"rendered":"BCAA 2:1:1 Aminos\u00e4uren"},"content":{"rendered":"<div id=\"wd-600aef8476f41\" class=\"wd-text-block-wrapper wd-wpb wd-rs-600aef8476f41 color-scheme-dark text-left vc_custom_1611329428846\">\n<div class=\"woodmart-title-container woodmart-text-block reset-last-child font-primary wd-font-weight-400 \">\n<div id=\"wd-5fafbca251970\" class=\"wd-text-block-wrapper wd-wpb wd-rs-5fafbca251970 color-scheme-dark text-left vc_custom_1605352620193\">\n<div class=\"woodmart-title-container woodmart-text-block reset-last-child font-primary wd-font-weight-400 \">\n<div id=\"wd-5fad4a10ebb94\" class=\"wd-text-block-wrapper wd-wpb wd-rs-5fad4a10ebb94 color-scheme-dark text-left vc_custom_1605192243372\">\n<div class=\"woodmart-title-container woodmart-text-block reset-last-child font-primary wd-font-weight-400 \">\n<div id=\"wd-5fa95db83f412\" class=\"wd-text-block-wrapper wd-wpb wd-rs-5fa95db83f412 color-scheme-dark text-left vc_custom_1604935110999\">\n<div class=\"woodmart-title-container woodmart-text-block reset-last-child font-primary wd-font-weight-400 \">\n<div id=\"wd-5fa9abd093a59\" class=\"wd-text-block-wrapper wd-wpb wd-rs-5fa9abd093a59 color-scheme-dark text-left vc_custom_1604955145009\">\n<div class=\"woodmart-title-container woodmart-text-block reset-last-child font-primary wd-font-weight-400 \"><strong>BCAA 2:1:1 Aminos\u00e4uren<\/strong> sind die sportartspezifische Erg\u00e4nzung zur Maximierung Ihrer Leistung und Erholung.<\/div>\n<div class=\"woodmart-title-container woodmart-text-block reset-last-child font-primary wd-font-weight-400 \">Dieses Nahrungserg\u00e4nzungsmittel basiert auf verzweigtkettigen Aminos\u00e4uren im optimalen Verh\u00e4ltnis von 2:1:1 und ist mit Vitamin B6 angereichert, um die Assimilation und Wirksamkeit der BCAAs zu verbessern.<\/div>\n<div class=\"woodmart-title-container woodmart-text-block reset-last-child font-primary wd-font-weight-400 \">\n<p><strong>BCAA 2:1:1-Aminos\u00e4uren<\/strong> sind besonders n\u00fctzlich bei Hochleistungssportarten und Ausdauersportarten, da sie eine wesentliche Unterst\u00fctzung bei anstrengenden \u00dcbungen bieten. Jede Tablette enth\u00e4lt 1 Gramm der hochwertigsten verzweigtkettigen Aminos\u00e4uren, die einen maximalen Nutzen gew\u00e4hrleisten. <\/p>\n<\/div>\n<\/div>\n<\/div>\n<\/div>\n<\/div>\n<\/div>\n<\/div>\n<\/div>\n<\/div>\n<\/div>\n<div class=\"wpb_text_column wpb_content_element vc_custom_1616205360806 text-larger\">\n<div class=\"wpb_wrapper\">\n<p><img loading=\"lazy\" decoding=\"async\" class=\"wd-lazy-load woodmart-lazy-load wd-lazy-fade info-icon image-1 wd-loaded\" style=\"text-align: center;\" title=\"KF_Logo-Feature-Rot\" src=\"https:\/\/keforma.ch\/wp-content\/uploads\/2020\/09\/KF_Logo-Feature-Red-45x45.png\" alt=\"KF_Logo-Feature-Rot\" width=\"22\" height=\"22\" data-wood-src=\"https:\/\/keforma.ch\/wp-content\/uploads\/2020\/09\/KF_Logo-Feature-Red-45x45.png\" data-pagespeed-url-hash=\"3879490219\">  Muskelaufbau<span style=\"text-align: center;\"><br \/>\n<img loading=\"lazy\" decoding=\"async\" class=\"wd-lazy-load woodmart-lazy-load wd-lazy-fade info-icon image-1 wd-loaded\" style=\"text-align: center;\" title=\"KF_Logo-Feature-Rot\" src=\"https:\/\/keforma.ch\/wp-content\/uploads\/2020\/09\/KF_Logo-Feature-Red-45x45.png\" alt=\"KF_Logo-Feature-Rot\" width=\"22\" height=\"22\" data-wood-src=\"https:\/\/keforma.ch\/wp-content\/uploads\/2020\/09\/KF_Logo-Feature-Red-45x45.png\" data-pagespeed-url-hash=\"3879490219\">1<\/span><span style=\"text-align: center;\">g <a href=\"https:\/\/it.wikipedia.org\/wiki\/Amminoacidi_ramificati\">BCAA<\/a> in jeder Tablette<br \/>\n<\/span><span style=\"text-align: center;\"><img loading=\"lazy\" decoding=\"async\" class=\"wd-lazy-load woodmart-lazy-load wd-lazy-fade info-icon image-1 wd-loaded\" style=\"text-align: center;\" title=\"KF_Logo-Feature-Rot\" src=\"https:\/\/keforma.ch\/wp-content\/uploads\/2020\/09\/KF_Logo-Feature-Red-45x45.png\" alt=\"KF_Logo-Feature-Rot\" width=\"22\" height=\"22\" data-wood-src=\"https:\/\/keforma.ch\/wp-content\/uploads\/2020\/09\/KF_Logo-Feature-Red-45x45.png\" data-pagespeed-url-hash=\"3879490219\"> Optimierung des Nervensystems<br \/>\n<img loading=\"lazy\" decoding=\"async\" class=\"wd-lazy-load woodmart-lazy-load wd-lazy-fade info-icon image-1 wd-loaded\" style=\"text-align: center;\" title=\"KF_Logo-Feature-Rot\" src=\"https:\/\/keforma.ch\/wp-content\/uploads\/2020\/09\/KF_Logo-Feature-Red-45x45.png\" alt=\"KF_Logo-Feature-Rot\" width=\"22\" height=\"22\" data-wood-src=\"https:\/\/keforma.ch\/wp-content\/uploads\/2020\/09\/KF_Logo-Feature-Red-45x45.png\" data-pagespeed-url-hash=\"3879490219\"> Vegan und laktose- und glutenfrei<br \/>\n<\/span><\/p>\n<\/div>\n<\/div>\n","protected":false},"excerpt":{"rendered":"<table class=\"bda-state-product\">\n<thead>\n<tr>\n<th class=\"bda-color\"><a href=\"\/categoria-prodotto\/prima\/\">Erste<\/a><\/th>\n<th class=\"bda-gray\"><a href=\"\/categoria-prodotto\/durante\/\">W\u00e4hrend<\/a><\/th>\n<th class=\"bda-color\"><a href=\"\/categoria-prodotto\/dopo\/\">Nach<\/a><\/th>\n<\/tr>\n<\/thead>\n<\/table>\n<p>Unsere <strong>BCAA 2:1:1-Aminos\u00e4uren<\/strong> mit Vitamin B6 sind die ideale Erg\u00e4nzung f\u00fcr Athleten, da sie die Aufnahme und Wirksamkeit f\u00fcr hochintensive Leistungen und Ausdauer verbessern.<\/p>\n","protected":false},"featured_media":22004,"comment_status":"open","ping_status":"closed","template":"","meta":[],"product_brand":[],"product_cat":[645,525,527],"product_tag":[649,659,658,652,655,648,650,651,653,654],"class_list":{"0":"post-10193","1":"product","2":"type-product","3":"status-publish","4":"has-post-thumbnail","6":"product_cat-aminosauren","7":"product_cat-erste","8":"product_cat-nach","9":"product_tag-ausdauer","10":"product_tag-fitness-de","11":"product_tag-gymnasium","12":"product_tag-laufen","13":"product_tag-leichtathletik","14":"product_tag-radfahren","15":"product_tag-schwimmen","16":"product_tag-strom","17":"product_tag-triathlon-de","18":"product_tag-wellness-de","20":"first","21":"instock","22":"taxable","23":"shipping-taxable","24":"purchasable","25":"product-type-variable"},"aioseo_notices":[],"_links":{"self":[{"href":"https:\/\/keforma.ch\/de\/wp-json\/wp\/v2\/product\/10193","targetHints":{"allow":["GET"]}}],"collection":[{"href":"https:\/\/keforma.ch\/de\/wp-json\/wp\/v2\/product"}],"about":[{"href":"https:\/\/keforma.ch\/de\/wp-json\/wp\/v2\/types\/product"}],"replies":[{"embeddable":true,"href":"https:\/\/keforma.ch\/de\/wp-json\/wp\/v2\/comments?post=10193"}],"version-history":[{"count":1,"href":"https:\/\/keforma.ch\/de\/wp-json\/wp\/v2\/product\/10193\/revisions"}],"predecessor-version":[{"id":22006,"href":"https:\/\/keforma.ch\/de\/wp-json\/wp\/v2\/product\/10193\/revisions\/22006"}],"wp:featuredmedia":[{"embeddable":true,"href":"https:\/\/keforma.ch\/de\/wp-json\/wp\/v2\/media\/22004"}],"wp:attachment":[{"href":"https:\/\/keforma.ch\/de\/wp-json\/wp\/v2\/media?parent=10193"}],"wp:term":[{"taxonomy":"product_brand","embeddable":true,"href":"https:\/\/keforma.ch\/de\/wp-json\/wp\/v2\/product_brand?post=10193"},{"taxonomy":"product_cat","embeddable":true,"href":"https:\/\/keforma.ch\/de\/wp-json\/wp\/v2\/product_cat?post=10193"},{"taxonomy":"product_tag","embeddable":true,"href":"https:\/\/keforma.ch\/de\/wp-json\/wp\/v2\/product_tag?post=10193"}],"curies":[{"name":"wp","href":"https:\/\/api.w.org\/{rel}","templated":true}]}}