{"id":10173,"date":"2022-10-11T12:51:55","date_gmt":"2022-10-11T12:51:55","guid":{"rendered":"https:\/\/xmy.ch\/shop\/veg-protein-pulver\/"},"modified":"2026-03-16T09:11:45","modified_gmt":"2026-03-16T09:11:45","slug":"eiweisspulver-veg-protein","status":"publish","type":"product","link":"https:\/\/keforma.ch\/de\/prodotto\/eiweisspulver-veg-protein\/","title":{"rendered":"KeVEG Protein-Pulver"},"content":{"rendered":"<div id=\"wd-6057fb79eb014\" class=\"wd-text-block-wrapper wd-wpb wd-rs-6057fb79eb014 color-scheme-dark text-left vc_custom_1616378763982\">\n<div class=\"woodmart-title-container woodmart-text-block reset-last-child font-primary wd-font-weight-400 \">\n<div id=\"wd-600ab098bf93b\" class=\"wd-text-block-wrapper wd-wpb wd-rs-600ab098bf93b color-scheme-dark text-left vc_custom_1611313320399\">\n<div class=\"woodmart-title-container woodmart-text-block reset-last-child font-primary wd-font-weight-400 \">\n<div id=\"wd-600a79842bcfb\" class=\"wd-text-block-wrapper wd-wpb wd-rs-600a79842bcfb color-scheme-dark text-left vc_custom_1611299215720\">\n<div class=\"woodmart-title-container woodmart-text-block reset-last-child font-primary wd-font-weight-400 \"><strong>KeVEG PROTEIN<\/strong> ist das <strong>pflanzliche Proteinpulver<\/strong>, das Sie suchen, um Ihre Ern\u00e4hrung auf gesunde und effektive Weise zu erg\u00e4nzen.<\/div>\n<div class=\"woodmart-title-container woodmart-text-block reset-last-child font-primary wd-font-weight-400 \">Diese einzigartige Mischung kombiniert drei hochwertige Proteinquellen: Kichererbse, K\u00fcrbis und Erbse. Dank dieser einzigartigen Formulierung bietet KeVEG PROTEIN ein komplettes Aminos\u00e4ureprofil, das mit dem klassischer Molkenproteinkonzentrate vergleichbar ist, und unterst\u00fctzt mit einem umfassenden Vitaminmix optimal den Aufbau und Erhalt der Muskelmasse. <\/div>\n<div class=\"woodmart-title-container woodmart-text-block reset-last-child font-primary wd-font-weight-400 \">Unser Produkt ist au\u00dferdem v\u00f6llig laktose-, gluten- und zuckerfrei und damit ideal f\u00fcr Menschen mit Unvertr\u00e4glichkeiten oder bei speziellen Di\u00e4ten.<\/div>\n<div class=\"woodmart-title-container woodmart-text-block reset-last-child font-primary wd-font-weight-400 \">\n<p>Und das ist noch nicht alles: KeVEG <strong>PROTEIN Proteinpulver<\/strong> \u00fcberzeugt auch durch seinen hervorragenden Geschmack, der jeden Shake zu einem Genuss macht.<\/p>\n<\/div>\n<\/div>\n<\/div>\n<\/div>\n<\/div>\n<\/div>\n<div class=\"wpb_text_column wpb_content_element vc_custom_1616378936846 text-larger\">\n<div class=\"wpb_wrapper\"><img loading=\"lazy\" decoding=\"async\" class=\"wd-lazy-load woodmart-lazy-load wd-lazy-fade info-icon image-1 wd-loaded\" style=\"text-align: center;\" title=\"KF_Logo-Feature-Rot\" src=\"https:\/\/keforma.ch\/wp-content\/uploads\/2020\/09\/KF_Logo-Feature-Red-45x45.png\" alt=\"KF_Logo-Feature-Rot\" width=\"22\" height=\"22\" data-wood-src=\"https:\/\/keforma.ch\/wp-content\/uploads\/2020\/09\/KF_Logo-Feature-Red-45x45.png\" data-pagespeed-url-hash=\"3879490219\">  3 Proteinquellen<br \/>\n<img loading=\"lazy\" decoding=\"async\" class=\"wd-lazy-load woodmart-lazy-load wd-lazy-fade info-icon image-1 wd-loaded\" style=\"text-align: center;\" title=\"KF_Logo-Feature-Rot\" src=\"https:\/\/keforma.ch\/wp-content\/uploads\/2020\/09\/KF_Logo-Feature-Red-45x45.png\" alt=\"KF_Logo-Feature-Rot\" width=\"22\" height=\"22\" data-wood-src=\"https:\/\/keforma.ch\/wp-content\/uploads\/2020\/09\/KF_Logo-Feature-Red-45x45.png\" data-pagespeed-url-hash=\"3879490219\"><span style=\"text-align: center;\"> Pflanzlich und vegan<br \/>\n<\/span><img loading=\"lazy\" decoding=\"async\" class=\"wd-lazy-load woodmart-lazy-load wd-lazy-fade info-icon image-1 wd-loaded\" style=\"text-align: center;\" title=\"KF_Logo-Feature-Rot\" src=\"https:\/\/keforma.ch\/wp-content\/uploads\/2020\/09\/KF_Logo-Feature-Red-45x45.png\" alt=\"KF_Logo-Feature-Rot\" width=\"22\" height=\"22\" data-wood-src=\"https:\/\/keforma.ch\/wp-content\/uploads\/2020\/09\/KF_Logo-Feature-Red-45x45.png\" data-pagespeed-url-hash=\"3879490219\"><span style=\"text-align: center;\"> Vollst\u00e4ndiges Aminos\u00e4urenprofil<br \/>\n<\/span><img loading=\"lazy\" decoding=\"async\" class=\"wd-lazy-load woodmart-lazy-load wd-lazy-fade info-icon image-1 wd-loaded\" style=\"text-align: center;\" title=\"KF_Logo-Feature-Rot\" src=\"https:\/\/keforma.ch\/wp-content\/uploads\/2020\/09\/KF_Logo-Feature-Red-45x45.png\" alt=\"KF_Logo-Feature-Rot\" width=\"22\" height=\"22\" data-wood-src=\"https:\/\/keforma.ch\/wp-content\/uploads\/2020\/09\/KF_Logo-Feature-Red-45x45.png\" data-pagespeed-url-hash=\"3879490219\"><span style=\"text-align: center;\"> Gluten- und laktosefrei<\/span><\/div>\n<\/div>\n","protected":false},"excerpt":{"rendered":"<table class=\"bda-state-product\">\n<thead>\n<tr>\n<th class=\"bda-color\"><a href=\"\/categoria-prodotto\/prima\/\">Erste<\/a><\/th>\n<th class=\"bda-gray\"><a href=\"\/categoria-prodotto\/durante\/\">W\u00e4hrend<\/a><\/th>\n<th class=\"bda-color\"><a href=\"\/categoria-prodotto\/dopo\/\">Nach<\/a><\/th>\n<\/tr>\n<\/thead>\n<\/table>\n<p><strong>KeVEG<\/strong> <strong>PROTEIN<\/strong> sind die 100% <strong>pflanzlichen Proteinpulver<\/strong> aus Kichererbsen, K\u00fcrbis und Erbsen, mit einem vollst\u00e4ndigen Aminos\u00e4ureprofil, ohne Zucker oder Laktose\/Gluten und einem tollen Geschmack.<\/p>\n","protected":false},"featured_media":22025,"comment_status":"open","ping_status":"closed","template":"","meta":[],"product_brand":[],"product_cat":[641,525,527],"product_tag":[649,657,651,654],"class_list":{"0":"post-10173","1":"product","2":"type-product","3":"status-publish","4":"has-post-thumbnail","6":"product_cat-eiweis","7":"product_cat-erste","8":"product_cat-nach","9":"product_tag-ausdauer","10":"product_tag-body-building-de","11":"product_tag-strom","12":"product_tag-wellness-de","14":"first","15":"instock","16":"taxable","17":"shipping-taxable","18":"purchasable","19":"product-type-variable","20":"has-default-attributes"},"aioseo_notices":[],"_links":{"self":[{"href":"https:\/\/keforma.ch\/de\/wp-json\/wp\/v2\/product\/10173","targetHints":{"allow":["GET"]}}],"collection":[{"href":"https:\/\/keforma.ch\/de\/wp-json\/wp\/v2\/product"}],"about":[{"href":"https:\/\/keforma.ch\/de\/wp-json\/wp\/v2\/types\/product"}],"replies":[{"embeddable":true,"href":"https:\/\/keforma.ch\/de\/wp-json\/wp\/v2\/comments?post=10173"}],"version-history":[{"count":1,"href":"https:\/\/keforma.ch\/de\/wp-json\/wp\/v2\/product\/10173\/revisions"}],"predecessor-version":[{"id":22027,"href":"https:\/\/keforma.ch\/de\/wp-json\/wp\/v2\/product\/10173\/revisions\/22027"}],"wp:featuredmedia":[{"embeddable":true,"href":"https:\/\/keforma.ch\/de\/wp-json\/wp\/v2\/media\/22025"}],"wp:attachment":[{"href":"https:\/\/keforma.ch\/de\/wp-json\/wp\/v2\/media?parent=10173"}],"wp:term":[{"taxonomy":"product_brand","embeddable":true,"href":"https:\/\/keforma.ch\/de\/wp-json\/wp\/v2\/product_brand?post=10173"},{"taxonomy":"product_cat","embeddable":true,"href":"https:\/\/keforma.ch\/de\/wp-json\/wp\/v2\/product_cat?post=10173"},{"taxonomy":"product_tag","embeddable":true,"href":"https:\/\/keforma.ch\/de\/wp-json\/wp\/v2\/product_tag?post=10173"}],"curies":[{"name":"wp","href":"https:\/\/api.w.org\/{rel}","templated":true}]}}