{"id":10154,"date":"2022-10-11T20:29:26","date_gmt":"2022-10-11T20:29:26","guid":{"rendered":"https:\/\/xmy.ch\/shop\/amino-9-aminosaeuren\/"},"modified":"2026-03-06T18:15:24","modified_gmt":"2026-03-06T18:15:24","slug":"aminosauren-9","status":"publish","type":"product","link":"https:\/\/keforma.ch\/de\/prodotto\/aminosauren-9\/","title":{"rendered":"Amino 9 Aminos\u00e4uren"},"content":{"rendered":"<div id=\"wd-600aef8476f41\" class=\"wd-text-block-wrapper wd-wpb wd-rs-600aef8476f41 color-scheme-dark text-left vc_custom_1611329428846\">\n<div class=\"woodmart-title-container woodmart-text-block reset-last-child font-primary wd-font-weight-400 \">\n<div id=\"wd-5fafbca251970\" class=\"wd-text-block-wrapper wd-wpb wd-rs-5fafbca251970 color-scheme-dark text-left vc_custom_1605352620193\">\n<div class=\"woodmart-title-container woodmart-text-block reset-last-child font-primary wd-font-weight-400 \">\n<div id=\"wd-5fad4a10ebb94\" class=\"wd-text-block-wrapper wd-wpb wd-rs-5fad4a10ebb94 color-scheme-dark text-left vc_custom_1605192243372\">\n<div class=\"woodmart-title-container woodmart-text-block reset-last-child font-primary wd-font-weight-400 \">\n<div id=\"wd-5fa95db83f412\" class=\"wd-text-block-wrapper wd-wpb wd-rs-5fa95db83f412 color-scheme-dark text-left vc_custom_1604935110999\">\n<div class=\"woodmart-title-container woodmart-text-block reset-last-child font-primary wd-font-weight-400 \">\n<div id=\"wd-5fa9a33bcb59f\" class=\"wd-text-block-wrapper wd-wpb wd-rs-5fa9a33bcb59f color-scheme-dark text-left vc_custom_1604952928887\">\n<div class=\"woodmart-title-container woodmart-text-block reset-last-child font-primary wd-font-weight-400 \">Entdecken Sie <strong>Amino 9<\/strong>, das komplette Nahrungserg\u00e4nzungsmittel, das Sie mit allen <strong>essentiellen EAA-Aminos\u00e4uren<\/strong> versorgt, die Ihr K\u00f6rper braucht.<\/div>\n<div class=\"woodmart-title-container woodmart-text-block reset-last-child font-primary wd-font-weight-400 \">Dieser Aminos\u00e4urenpool ist f\u00fcr den Aufbau und die Reparatur des Muskelgewebes von entscheidender Bedeutung, tr\u00e4gt au\u00dferdem zur Energieproduktion bei und f\u00f6rdert einen hohen Stickstoffbilanzkoeffizienten.<\/div>\n<div class=\"woodmart-title-container woodmart-text-block reset-last-child font-primary wd-font-weight-400 \">Die <strong>essentiellen Aminos\u00e4uren EAA<\/strong> eignen sich am besten f\u00fcr Muskelwachstumsphasen und unterst\u00fctzen aktiv Ihren Weg zu st\u00e4rkeren, definierten Muskeln.<\/div>\n<div class=\"woodmart-title-container woodmart-text-block reset-last-child font-primary wd-font-weight-400 \">Die Amino 9-Formel umfasst L-Phenylalanin, L-Isoleucin, L-Leucin, L-Lysin, L-Methionin, L-Threonin, L-Tryptophan, L-Valin und L-Histidin.<\/div>\n<\/div>\n<\/div>\n<\/div>\n<\/div>\n<\/div>\n<\/div>\n<\/div>\n<\/div>\n<\/div>\n<div class=\"wpb_text_column wpb_content_element vc_custom_1616205360806 text-larger\">\n<div class=\"wpb_wrapper\">\n<p><img loading=\"lazy\" decoding=\"async\" class=\"wd-lazy-load woodmart-lazy-load wd-lazy-fade info-icon image-1 wd-loaded\" style=\"text-align: center;\" title=\"KF_Logo-Feature-Rot\" src=\"https:\/\/keforma.ch\/wp-content\/uploads\/2020\/09\/KF_Logo-Feature-Red-45x45.png\" alt=\"KF_Logo-Feature-Rot\" width=\"22\" height=\"22\" data-wood-src=\"https:\/\/keforma.ch\/wp-content\/uploads\/2020\/09\/KF_Logo-Feature-Red-45x45.png\" data-pagespeed-url-hash=\"3879490219\">  100% essentielle Aminos\u00e4uren (EAA)<span style=\"text-align: center;\"><br \/>\n<img loading=\"lazy\" decoding=\"async\" class=\"wd-lazy-load woodmart-lazy-load wd-lazy-fade info-icon image-1 wd-loaded\" style=\"text-align: center;\" title=\"KF_Logo-Feature-Rot\" src=\"https:\/\/keforma.ch\/wp-content\/uploads\/2020\/09\/KF_Logo-Feature-Red-45x45.png\" alt=\"KF_Logo-Feature-Rot\" width=\"22\" height=\"22\" data-wood-src=\"https:\/\/keforma.ch\/wp-content\/uploads\/2020\/09\/KF_Logo-Feature-Red-45x45.png\" data-pagespeed-url-hash=\"3879490219\"> Muskelwachstum<br \/>\n<\/span><span style=\"text-align: center;\"><img loading=\"lazy\" decoding=\"async\" class=\"wd-lazy-load woodmart-lazy-load wd-lazy-fade info-icon image-1 wd-loaded\" style=\"text-align: center;\" title=\"KF_Logo-Feature-Rot\" src=\"https:\/\/keforma.ch\/wp-content\/uploads\/2020\/09\/KF_Logo-Feature-Red-45x45.png\" alt=\"KF_Logo-Feature-Rot\" width=\"22\" height=\"22\" data-wood-src=\"https:\/\/keforma.ch\/wp-content\/uploads\/2020\/09\/KF_Logo-Feature-Red-45x45.png\" data-pagespeed-url-hash=\"3879490219\"> Erh\u00e4lt die Muskelproteinreserven<br \/>\n<img loading=\"lazy\" decoding=\"async\" class=\"wd-lazy-load woodmart-lazy-load wd-lazy-fade info-icon image-1 wd-loaded\" style=\"text-align: center;\" title=\"KF_Logo-Feature-Rot\" src=\"https:\/\/keforma.ch\/wp-content\/uploads\/2020\/09\/KF_Logo-Feature-Red-45x45.png\" alt=\"KF_Logo-Feature-Rot\" width=\"22\" height=\"22\" data-wood-src=\"https:\/\/keforma.ch\/wp-content\/uploads\/2020\/09\/KF_Logo-Feature-Red-45x45.png\" data-pagespeed-url-hash=\"3879490219\"> Laktose- und glutenfrei<br \/>\n<\/span><\/p>\n<\/div>\n<\/div>\n","protected":false},"excerpt":{"rendered":"<table class=\"bda-state-product\">\n<thead>\n<tr>\n<th class=\"bda-color\"><a href=\"\/categoria-prodotto\/prima\/\">Erste<\/a><\/th>\n<th class=\"bda-gray\"><a href=\"\/categoria-prodotto\/durante\/\">W\u00e4hrend<\/a><\/th>\n<th class=\"bda-color\"><a href=\"\/categoria-prodotto\/dopo\/\">Nach<\/a><\/th>\n<\/tr>\n<\/thead>\n<\/table>\n<p>Amino 9 bietet alle <strong>essentiellen EAA-Aminos\u00e4uren<\/strong> f\u00fcr den Muskelaufbau und die Muskelreparatur, die Energieproduktion und die Unterst\u00fctzung des Wachstums, was es zu einer unverzichtbaren Erg\u00e4nzung macht.<\/p>\n","protected":false},"featured_media":21985,"comment_status":"open","ping_status":"closed","template":"","meta":[],"product_brand":[],"product_cat":[645,525,527],"product_tag":[649,657,659,647,658,652,655,648,650,656,651,653,654],"class_list":{"0":"post-10154","1":"product","2":"type-product","3":"status-publish","4":"has-post-thumbnail","6":"product_cat-aminosauren","7":"product_cat-erste","8":"product_cat-nach","9":"product_tag-ausdauer","10":"product_tag-body-building-de","11":"product_tag-fitness-de","12":"product_tag-fusball","13":"product_tag-gymnasium","14":"product_tag-laufen","15":"product_tag-leichtathletik","16":"product_tag-radfahren","17":"product_tag-schwimmen","18":"product_tag-skifahren","19":"product_tag-strom","20":"product_tag-triathlon-de","21":"product_tag-wellness-de","23":"first","24":"instock","25":"taxable","26":"shipping-taxable","27":"purchasable","28":"product-type-variable","29":"has-default-attributes"},"aioseo_notices":[],"_links":{"self":[{"href":"https:\/\/keforma.ch\/de\/wp-json\/wp\/v2\/product\/10154","targetHints":{"allow":["GET"]}}],"collection":[{"href":"https:\/\/keforma.ch\/de\/wp-json\/wp\/v2\/product"}],"about":[{"href":"https:\/\/keforma.ch\/de\/wp-json\/wp\/v2\/types\/product"}],"replies":[{"embeddable":true,"href":"https:\/\/keforma.ch\/de\/wp-json\/wp\/v2\/comments?post=10154"}],"version-history":[{"count":1,"href":"https:\/\/keforma.ch\/de\/wp-json\/wp\/v2\/product\/10154\/revisions"}],"predecessor-version":[{"id":21987,"href":"https:\/\/keforma.ch\/de\/wp-json\/wp\/v2\/product\/10154\/revisions\/21987"}],"wp:featuredmedia":[{"embeddable":true,"href":"https:\/\/keforma.ch\/de\/wp-json\/wp\/v2\/media\/21985"}],"wp:attachment":[{"href":"https:\/\/keforma.ch\/de\/wp-json\/wp\/v2\/media?parent=10154"}],"wp:term":[{"taxonomy":"product_brand","embeddable":true,"href":"https:\/\/keforma.ch\/de\/wp-json\/wp\/v2\/product_brand?post=10154"},{"taxonomy":"product_cat","embeddable":true,"href":"https:\/\/keforma.ch\/de\/wp-json\/wp\/v2\/product_cat?post=10154"},{"taxonomy":"product_tag","embeddable":true,"href":"https:\/\/keforma.ch\/de\/wp-json\/wp\/v2\/product_tag?post=10154"}],"curies":[{"name":"wp","href":"https:\/\/api.w.org\/{rel}","templated":true}]}}